{"id":2827,"date":"2023-05-14T13:45:09","date_gmt":"2023-05-14T11:45:09","guid":{"rendered":"https:\/\/www.sharingchips.com\/?page_id=2827"},"modified":"2025-10-14T19:22:17","modified_gmt":"2025-10-14T17:22:17","slug":"how-does-it-work","status":"publish","type":"page","link":"https:\/\/www.sharingchips.com\/it\/how-does-it-work\/","title":{"rendered":"Guida al marketplace"},"content":{"rendered":"<div data-elementor-type=\"wp-page\" data-elementor-id=\"2827\" class=\"elementor elementor-2827\">\n\t\t\t\t<div class=\"elementor-element elementor-element-3e0f2ad e-flex e-con-boxed e-con e-parent\" data-id=\"3e0f2ad\" data-element_type=\"container\" data-settings=\"{&quot;background_background&quot;:&quot;classic&quot;}\">\n\t\t\t\t\t<div class=\"e-con-inner\">\n\t\t\t\t<div class=\"elementor-element elementor-element-11d80f2 exad-sticky-section-no exad-glass-effect-no elementor-widget elementor-widget-heading\" data-id=\"11d80f2\" data-element_type=\"widget\" data-widget_type=\"heading.default\">\n\t\t\t\t<div class=\"elementor-widget-container\">\n\t\t\t\t\t<h1 class=\"elementor-heading-title elementor-size-default\">Gestiamo efficientemente i tuoi <b><u>componenti inutilizzati<\/u><\/b>,  your guide to our Marketplace<\/h1>\t\t\t\t<\/div>\n\t\t\t\t<\/div>\n\t\t\t\t<div class=\"elementor-element elementor-element-9e52b6c e-transform exad-sticky-section-no exad-glass-effect-no elementor-widget elementor-widget-image\" data-id=\"9e52b6c\" data-element_type=\"widget\" data-settings=\"{&quot;_transform_scale_effect_mobile&quot;:{&quot;unit&quot;:&quot;px&quot;,&quot;size&quot;:1.2,&quot;sizes&quot;:[]},&quot;_transform_scale_effect&quot;:{&quot;unit&quot;:&quot;px&quot;,&quot;size&quot;:&quot;&quot;,&quot;sizes&quot;:[]},&quot;_transform_scale_effect_widescreen&quot;:{&quot;unit&quot;:&quot;px&quot;,&quot;size&quot;:&quot;&quot;,&quot;sizes&quot;:[]},&quot;_transform_scale_effect_laptop&quot;:{&quot;unit&quot;:&quot;px&quot;,&quot;size&quot;:&quot;&quot;,&quot;sizes&quot;:[]},&quot;_transform_scale_effect_tablet&quot;:{&quot;unit&quot;:&quot;px&quot;,&quot;size&quot;:&quot;&quot;,&quot;sizes&quot;:[]}}\" data-widget_type=\"image.default\">\n\t\t\t\t<div class=\"elementor-widget-container\">\n\t\t\t\t\t\t\t\t\t\t\t\t\t\t\t<img fetchpriority=\"high\" decoding=\"async\" width=\"1024\" height=\"1024\" src=\"https:\/\/www.sharingchips.com\/wp-content\/uploads\/2023\/11\/excessstock.svg\" class=\"attachment-large size-large wp-image-3748\" alt=\"\" \/>\t\t\t\t\t\t\t\t\t\t\t\t\t\t\t<\/div>\n\t\t\t\t<\/div>\n\t\t\t\t<div class=\"elementor-element elementor-element-2d0f4c0 color-link exad-sticky-section-no exad-glass-effect-no elementor-widget elementor-widget-text-editor\" data-id=\"2d0f4c0\" data-element_type=\"widget\" data-widget_type=\"text-editor.default\">\n\t\t\t\t<div class=\"elementor-widget-container\">\n\t\t\t\t\t\t\t\t\t<p>Entra nel nostro dinamico mercato digitale per le scorte in eccesso di semiconduttori: che tu sia un professionista esperto o nuovo nel settore degli <strong>assemblatori elettronici<\/strong>, ti diamo il benvenuto in uno spazio in cui prosperano efficienza e comunit\u00e0. La nostra guida approfondita ti assicura di sfruttare al meglio il nostro servizio. Esplora i componenti in eccedenza che sono gi\u00e0 stati caricati nell' <a href=\"https:\/\/app.sharingchips.com\/marketplace\" target=\"_blank\" rel=\"noopener\">anteprima del nostro marketplace<\/a>, connettiti a livello globale e unisciti a una comunit\u00e0 collaborativa. Mettendo al centro la trasparenza e l'innovazione, trasformiamo le tue scorte in eccesso in una risorsa. Abbraccia con noi il futuro del commercio dei semiconduttori: un viaggio di opportunit\u00e0 e successo.\u00a0<\/p>\t\t\t\t\t\t\t\t<\/div>\n\t\t\t\t<\/div>\n\t\t\t\t\t<\/div>\n\t\t\t\t<\/div>\n\t\t<div class=\"elementor-element elementor-element-a6a0438 e-flex e-con-boxed e-con e-parent\" data-id=\"a6a0438\" data-element_type=\"container\">\n\t\t\t\t\t<div class=\"e-con-inner\">\n\t\t<div class=\"elementor-element elementor-element-35b0ee0 e-con-full e-flex e-con e-child\" data-id=\"35b0ee0\" data-element_type=\"container\" data-settings=\"{&quot;background_background&quot;:&quot;classic&quot;}\">\n\t\t\t\t<div class=\"elementor-element elementor-element-de33f4b exad-sticky-section-no exad-glass-effect-no elementor-widget elementor-widget-qi_addons_for_elementor_info_cards\" data-id=\"de33f4b\" data-element_type=\"widget\" data-widget_type=\"qi_addons_for_elementor_info_cards.default\">\n\t\t\t\t<div class=\"elementor-widget-container\">\n\t\t\t\t\t<div class=\"qodef-shortcode qodef-m qodef-qi-info-cards qodef-layout--top qodef--\">\n\t\t<div class=\"qodef-m-content\">\n\t\t\t<h5 class=\"qodef-m-subtitle\">\n\t\t1\t<\/h5>\n\t\t\t<h2 class=\"qodef-m-title\">\n\t\t\t\t\t<a itemprop=\"url\" href=\"http:\/\/app.sharingchips.com\" target=\"_self\" rel=\"nofollow\">\n\t\t\t\t\tIscriviti gratuitamente per vedere il nostro mercato\t\t\t\t\t<\/a>\n\t\t\t<\/h2>\n\t\t\t<p class=\"qodef-m-text\">Inizia il tuo viaggio iscrivendoti gratuitamente su app.sharingchips.com. Il processo di registrazione non \u00e8 solo facile da usare, ma \u00e8 anche gratuito. Una volta che fai parte della nostra comunit\u00e0, avrai accesso a un vasto mercato, che ti consentir\u00e0 di esplorare e interagire a tuo piacimento. La registrazione \u00e8 riservata agli assemblatori elettronici.<\/p>\n\t<\/div>\n\t\t<div class=\"qodef-m-button qodef-qi-clear\">\n\t\t<a class=\"qodef-shortcode qodef-m qodef-qi-button qodef-html--link qodef-layout--textual qodef-type--standard qodef-icon--right qodef-hover--icon-move-horizontal-short qodef-text-underline qodef-underline--left\" href=\"http:\/\/app.sharingchips.com\" target=\"_self\" rel=\"nofollow\">\t<span class=\"qodef-m-text\">Iscriviti ora<\/span>\t<\/a>\t<\/div>\n\t<\/div>\n\t\t\t\t<\/div>\n\t\t\t\t<\/div>\n\t\t\t\t<\/div>\n\t\t<div class=\"elementor-element elementor-element-dac5889 e-con-full e-flex e-con e-child\" data-id=\"dac5889\" data-element_type=\"container\" data-settings=\"{&quot;background_background&quot;:&quot;classic&quot;}\">\n\t\t\t\t<div class=\"elementor-element elementor-element-38b078f exad-sticky-section-no exad-glass-effect-no elementor-widget elementor-widget-qi_addons_for_elementor_info_cards\" data-id=\"38b078f\" data-element_type=\"widget\" data-widget_type=\"qi_addons_for_elementor_info_cards.default\">\n\t\t\t\t<div class=\"elementor-widget-container\">\n\t\t\t\t\t<div class=\"qodef-shortcode qodef-m qodef-qi-info-cards qodef-layout--top qodef--\">\n\t\t<div class=\"qodef-m-content\">\n\t\t\t<h5 class=\"qodef-m-subtitle\">\n\t\t2\t<\/h5>\n\t\t\t<h2 class=\"qodef-m-title\">\n\t\t\t\t\t<a itemprop=\"url\" href=\"http:\/\/app.sharingchips.com\" target=\"_self\">\n\t\t\t\t\tAccesso esclusivo per assemblatori e produttori di componenti elettronici \t\t\t\t\t<\/a>\n\t\t\t<\/h2>\n\t\t\t<p class=\"qodef-m-text\">Per mantenere l'integrit\u00e0 del nostro mercato e promuovere una comunit\u00e0 di assemblatori e produttori di componenti elettronici, l'accesso \u00e8 concesso esclusivamente a questo gruppo selezionato. Durante il processo di registrazione, ti verr\u00e0 richiesto di fornire informazioni aziendali specifiche, garantendo che la nostra community rimanga riservata esclusivamente ai produttori qualificati. Ci\u00f2 ci consente anche di evitare speculazioni sui prezzi all'interno del mercato.<\/p>\n\t<\/div>\n\t\t<div class=\"qodef-m-button qodef-qi-clear\">\n\t\t<a class=\"qodef-shortcode qodef-m qodef-qi-button qodef-html--link qodef-layout--textual qodef-type--standard qodef-icon--right qodef-hover--icon-move-horizontal-short\" href=\"http:\/\/app.sharingchips.com\" target=\"_self\">\t<span class=\"qodef-m-text\"><\/span>\t<\/a>\t<\/div>\n\t<\/div>\n\t\t\t\t<\/div>\n\t\t\t\t<\/div>\n\t\t\t\t<\/div>\n\t\t<div class=\"elementor-element elementor-element-8d88387 e-con-full e-flex e-con e-child\" data-id=\"8d88387\" data-element_type=\"container\" data-settings=\"{&quot;background_background&quot;:&quot;classic&quot;}\">\n\t\t\t\t<div class=\"elementor-element elementor-element-df33127 exad-sticky-section-no exad-glass-effect-no elementor-widget elementor-widget-qi_addons_for_elementor_info_cards\" data-id=\"df33127\" data-element_type=\"widget\" data-widget_type=\"qi_addons_for_elementor_info_cards.default\">\n\t\t\t\t<div class=\"elementor-widget-container\">\n\t\t\t\t\t<div class=\"qodef-shortcode qodef-m qodef-qi-info-cards qodef-layout--top qodef--\">\n\t\t<div class=\"qodef-m-content\">\n\t\t\t<h5 class=\"qodef-m-subtitle\">\n\t\t3\t<\/h5>\n\t\t\t<h2 class=\"qodef-m-title\">\n\t\t\t\t\t<a itemprop=\"url\" href=\"http:\/\/app.sharingchips.com\" target=\"_self\">\n\t\t\t\t\tNavigare il Marketplace\t\t\t\t\t<\/a>\n\t\t\t<\/h2>\n\t\t\t<p class=\"qodef-m-text\">Dopo aver effettuato con successo la registrazione, aprirai le porte al nostro mercato. Qui troverai una vasta gamma di prodotti elettronici e potrai impegnarti facilmente nell'acquisto o nella vendita, a seconda delle esigenze e degli obiettivi aziendali. Il marketplace ha un elenco di componenti resi disponibili da altri assemblatori e produttori come te e contiene dettagli come numero di parte, produzione, codice dati e quantit\u00e0. <\/p>\n\t<\/div>\n\t\t<div class=\"qodef-m-button qodef-qi-clear\">\n\t\t<a class=\"qodef-shortcode qodef-m qodef-qi-button qodef-html--link qodef-layout--textual qodef-type--standard qodef-icon--right qodef-hover--icon-move-horizontal-short\" href=\"http:\/\/app.sharingchips.com\" target=\"_self\">\t<span class=\"qodef-m-text\"><\/span>\t<\/a>\t<\/div>\n\t<\/div>\n\t\t\t\t<\/div>\n\t\t\t\t<\/div>\n\t\t\t\t<\/div>\n\t\t<div class=\"elementor-element elementor-element-bf731ef e-con-full e-flex e-con e-child\" data-id=\"bf731ef\" data-element_type=\"container\" data-settings=\"{&quot;background_background&quot;:&quot;classic&quot;}\">\n\t\t\t\t<div class=\"elementor-element elementor-element-dba96e8 exad-sticky-section-no exad-glass-effect-no elementor-widget elementor-widget-qi_addons_for_elementor_info_cards\" data-id=\"dba96e8\" data-element_type=\"widget\" data-widget_type=\"qi_addons_for_elementor_info_cards.default\">\n\t\t\t\t<div class=\"elementor-widget-container\">\n\t\t\t\t\t<div class=\"qodef-shortcode qodef-m qodef-qi-info-cards qodef-layout--top qodef--\">\n\t\t<div class=\"qodef-m-content\">\n\t\t\t<h5 class=\"qodef-m-subtitle\">\n\t\t4\t<\/h5>\n\t\t\t<h2 class=\"qodef-m-title\">\n\t\t\t\t\t<a itemprop=\"url\" href=\"http:\/\/app.sharingchips.com\" target=\"_self\">\n\t\t\t\t\tAgevolazione delle vendite\t\t\t\t\t<\/a>\n\t\t\t<\/h2>\n\t\t\t<p class=\"qodef-m-text\">Agiamo come facilitatori delle connessioni, avviando il processo di vendita sull'app. I successivi dettagli della transazione, come le modalit\u00e0 di pagamento e le modalit\u00e0 di spedizione, vengono invece gestiti direttamente tra le parti coinvolte. Ci\u00f2 garantisce flessibilit\u00e0 e personalizzazione in base alle esigenze specifiche di ciascuna transazione sul mercato.<\/p>\n\t<\/div>\n\t\t<div class=\"qodef-m-button qodef-qi-clear\">\n\t\t<a class=\"qodef-shortcode qodef-m qodef-qi-button qodef-html--link qodef-layout--textual qodef-type--standard qodef-icon--right qodef-hover--icon-move-horizontal-short\" href=\"http:\/\/app.sharingchips.com\" target=\"_self\">\t<span class=\"qodef-m-text\"><\/span>\t<\/a>\t<\/div>\n\t<\/div>\n\t\t\t\t<\/div>\n\t\t\t\t<\/div>\n\t\t\t\t<\/div>\n\t\t\t\t\t<\/div>\n\t\t\t\t<\/div>\n\t\t<div class=\"elementor-element elementor-element-a1b2e6c e-flex e-con-boxed e-con e-parent\" data-id=\"a1b2e6c\" data-element_type=\"container\">\n\t\t\t\t\t<div class=\"e-con-inner\">\n\t\t<div class=\"elementor-element elementor-element-e0baa7d e-con-full e-flex e-con e-child\" data-id=\"e0baa7d\" data-element_type=\"container\" data-settings=\"{&quot;background_background&quot;:&quot;classic&quot;}\">\n\t\t\t\t<div class=\"elementor-element elementor-element-2a1d21f exad-sticky-section-no exad-glass-effect-no elementor-widget elementor-widget-heading\" data-id=\"2a1d21f\" data-element_type=\"widget\" data-widget_type=\"heading.default\">\n\t\t\t\t<div class=\"elementor-widget-container\">\n\t\t\t\t\t<h4 class=\"elementor-heading-title elementor-size-default\">Acquistare componenti inutilizzati<\/h4>\t\t\t\t<\/div>\n\t\t\t\t<\/div>\n\t\t\t\t<div class=\"elementor-element elementor-element-09ece69 exad-sticky-section-no exad-glass-effect-no elementor-widget elementor-widget-text-editor\" data-id=\"09ece69\" data-element_type=\"widget\" data-widget_type=\"text-editor.default\">\n\t\t\t\t<div class=\"elementor-widget-container\">\n\t\t\t\t\t\t\t\t\t<p class=\"p1\">Il processo di acquisto \u00e8 progettato per essere intuitivo ed efficiente. Quando identifichi una \"riga di magazzino\" di stock in eccesso in linea con le tue esigenze, un semplice clic la prenota per una durata specifica. Viene quindi inviata un'e-mail automatica al venditore, contenente i tuoi dettagli. Il venditore risponder\u00e0 tempestivamente in merito alla disponibilit\u00e0 del prodotto e, durante questo periodo riservato, la linea di prodotti \u00e8 esclusivamente tua, temporaneamente inaccessibile ad altri.<\/p>\t\t\t\t\t\t\t\t<\/div>\n\t\t\t\t<\/div>\n\t\t\t\t<\/div>\n\t\t<div class=\"elementor-element elementor-element-9b43b9b e-con-full e-flex e-con e-child\" data-id=\"9b43b9b\" data-element_type=\"container\" data-settings=\"{&quot;background_background&quot;:&quot;classic&quot;}\">\n\t\t\t\t<div class=\"elementor-element elementor-element-9760238 exad-sticky-section-no exad-glass-effect-no elementor-widget elementor-widget-heading\" data-id=\"9760238\" data-element_type=\"widget\" data-widget_type=\"heading.default\">\n\t\t\t\t<div class=\"elementor-widget-container\">\n\t\t\t\t\t<h4 class=\"elementor-heading-title elementor-size-default\">Vendere componenti inutilizzati<\/h4>\t\t\t\t<\/div>\n\t\t\t\t<\/div>\n\t\t\t\t<div class=\"elementor-element elementor-element-afeaebb exad-sticky-section-no exad-glass-effect-no elementor-widget elementor-widget-text-editor\" data-id=\"afeaebb\" data-element_type=\"widget\" data-widget_type=\"text-editor.default\">\n\t\t\t\t<div class=\"elementor-widget-container\">\n\t\t\t\t\t\t\t\t\t<p class=\"p1\">In qualit\u00e0 di membro registrato, hai il privilegio di mostrare pi\u00f9 linee di scorte in eccesso sul nostro mercato. Sia che tu scelga di caricare un documento Excel o di compilare informazioni direttamente sulla piattaforma, il processo \u00e8 semplificato per la tua comodit\u00e0. Dopo aver caricato i tuoi prodotti, gli altri utenti potranno prenotarli facilmente e riceverai un'e-mail con le loro informazioni al momento della conferma.<\/p>\t\t\t\t\t\t\t\t<\/div>\n\t\t\t\t<\/div>\n\t\t\t\t<\/div>\n\t\t<div class=\"elementor-element elementor-element-25967cb e-con-full e-flex e-con e-child\" data-id=\"25967cb\" data-element_type=\"container\">\n\t\t\t\t<div class=\"elementor-element elementor-element-3feac4b exad-sticky-section-no exad-glass-effect-no elementor-widget elementor-widget-heading\" data-id=\"3feac4b\" data-element_type=\"widget\" data-widget_type=\"heading.default\">\n\t\t\t\t<div class=\"elementor-widget-container\">\n\t\t\t\t\t<h4 class=\"elementor-heading-title elementor-size-default\">Ottieni il massimo dal nostro Marketplace<\/h4>\t\t\t\t<\/div>\n\t\t\t\t<\/div>\n\t\t\t\t<\/div>\n\t\t\t\t\t<\/div>\n\t\t\t\t<\/div>\n\t\t<div class=\"elementor-element elementor-element-e8d2162 e-flex e-con-boxed e-con e-parent\" data-id=\"e8d2162\" data-element_type=\"container\" data-settings=\"{&quot;background_background&quot;:&quot;classic&quot;}\">\n\t\t\t\t\t<div class=\"e-con-inner\">\n\t\t\t\t<div class=\"elementor-element elementor-element-002c389 exad-sticky-section-no exad-glass-effect-no elementor-widget elementor-widget-heading\" data-id=\"002c389\" data-element_type=\"widget\" data-widget_type=\"heading.default\">\n\t\t\t\t<div class=\"elementor-widget-container\">\n\t\t\t\t\t<h2 class=\"elementor-heading-title elementor-size-default\">Noi creiamo la connessione,\ntu fai la vendita.<\/h2>\t\t\t\t<\/div>\n\t\t\t\t<\/div>\n\t\t\t\t<div class=\"elementor-element elementor-element-42074a4 color-link exad-sticky-section-no exad-glass-effect-no elementor-widget elementor-widget-text-editor\" data-id=\"42074a4\" data-element_type=\"widget\" data-widget_type=\"text-editor.default\">\n\t\t\t\t<div class=\"elementor-widget-container\">\n\t\t\t\t\t\t\t\t\t<p>Benvenuti nel nostro mercato per gli assemblatori elettronici! Il nostro team di supporto dedicato \u00e8 qui per assisterti in caso di domande o dubbi: scopri come <a href=\"https:\/\/www.sharingchips.com\/it\/contact-us\/\" target=\"_blank\" rel=\"noopener\">contattarci<\/a>. Esplora le nostre <a href=\"https:\/\/www.sharingchips.com\/it\/f-a-q-s\/\" target=\"_blank\" rel=\"noopener\">FAQs<\/a> per ulteriori informazioni. La tua soddisfazione e il tuo successo sono le nostre massime priorit\u00e0 e ci impegniamo a rendere la tua esperienza sulla nostra piattaforma fluida e piacevole.<\/p>\t\t\t\t\t\t\t\t<\/div>\n\t\t\t\t<\/div>\n\t\t\t\t<div class=\"elementor-element elementor-element-85794f3 elementor-align-right elementor-mobile-align-justify exad-sticky-section-no exad-glass-effect-no elementor-invisible elementor-widget elementor-widget-button\" data-id=\"85794f3\" data-element_type=\"widget\" data-settings=\"{&quot;_animation&quot;:&quot;fadeIn&quot;,&quot;_animation_delay&quot;:300}\" data-widget_type=\"button.default\">\n\t\t\t\t<div class=\"elementor-widget-container\">\n\t\t\t\t\t\t\t\t\t<div class=\"elementor-button-wrapper\">\n\t\t\t\t\t<a class=\"elementor-button elementor-button-link elementor-size-sm\" href=\"http:\/\/app.sharingchips.com\">\n\t\t\t\t\t\t<span class=\"elementor-button-content-wrapper\">\n\t\t\t\t\t\t<span class=\"elementor-button-icon\">\n\t\t\t\t<i aria-hidden=\"true\" class=\"fas fa-arrow-right\"><\/i>\t\t\t<\/span>\n\t\t\t\t\t\t\t\t\t<span class=\"elementor-button-text\">Iscriviti ora<\/span>\n\t\t\t\t\t<\/span>\n\t\t\t\t\t<\/a>\n\t\t\t\t<\/div>\n\t\t\t\t\t\t\t\t<\/div>\n\t\t\t\t<\/div>\n\t\t\t\t\t<\/div>\n\t\t\t\t<\/div>\n\t\t\t\t<\/div>","protected":false},"excerpt":{"rendered":"<p>Efficiently managing Excess Stock, your guide to our Marketplace Step into our dynamic digital marketplace for excess stock of semiconductor: whether you&#8217;re a seasoned professional or new to the industry of Electronic Assemblers, we welcome you to a space where efficiency and community thrive. Our in-depth guide ensures you make the most of our service. [&hellip;]<\/p>","protected":false},"author":1,"featured_media":1935,"parent":0,"menu_order":0,"comment_status":"closed","ping_status":"closed","template":"elementor_header_footer","meta":{"inline_featured_image":false,"site-sidebar-layout":"no-sidebar","site-content-layout":"page-builder","ast-site-content-layout":"full-width-container","site-content-style":"unboxed","site-sidebar-style":"unboxed","ast-global-header-display":"","ast-banner-title-visibility":"","ast-main-header-display":"","ast-hfb-above-header-display":"","ast-hfb-below-header-display":"","ast-hfb-mobile-header-display":"","site-post-title":"disabled","ast-breadcrumbs-content":"","ast-featured-img":"disabled","footer-sml-layout":"","theme-transparent-header-meta":"","adv-header-id-meta":"","stick-header-meta":"","header-above-stick-meta":"","header-main-stick-meta":"","header-below-stick-meta":"","astra-migrate-meta-layouts":"set","ast-page-background-enabled":"default","ast-page-background-meta":{"desktop":{"background-color":"var(--ast-global-color-4)","background-image":"","background-repeat":"repeat","background-position":"center center","background-size":"auto","background-attachment":"scroll","background-type":"","background-media":"","overlay-type":"","overlay-color":"","overlay-opacity":"","overlay-gradient":""},"tablet":{"background-color":"","background-image":"","background-repeat":"repeat","background-position":"center center","background-size":"auto","background-attachment":"scroll","background-type":"","background-media":"","overlay-type":"","overlay-color":"","overlay-opacity":"","overlay-gradient":""},"mobile":{"background-color":"","background-image":"","background-repeat":"repeat","background-position":"center center","background-size":"auto","background-attachment":"scroll","background-type":"","background-media":"","overlay-type":"","overlay-color":"","overlay-opacity":"","overlay-gradient":""}},"ast-content-background-meta":{"desktop":{"background-color":"var(--ast-global-color-5)","background-image":"","background-repeat":"repeat","background-position":"center center","background-size":"auto","background-attachment":"scroll","background-type":"","background-media":"","overlay-type":"","overlay-color":"","overlay-opacity":"","overlay-gradient":""},"tablet":{"background-color":"var(--ast-global-color-5)","background-image":"","background-repeat":"repeat","background-position":"center center","background-size":"auto","background-attachment":"scroll","background-type":"","background-media":"","overlay-type":"","overlay-color":"","overlay-opacity":"","overlay-gradient":""},"mobile":{"background-color":"var(--ast-global-color-5)","background-image":"","background-repeat":"repeat","background-position":"center center","background-size":"auto","background-attachment":"scroll","background-type":"","background-media":"","overlay-type":"","overlay-color":"","overlay-opacity":"","overlay-gradient":""}},"footnotes":""},"class_list":["post-2827","page","type-page","status-publish","has-post-thumbnail","hentry"],"_links":{"self":[{"href":"https:\/\/www.sharingchips.com\/it\/wp-json\/wp\/v2\/pages\/2827","targetHints":{"allow":["GET"]}}],"collection":[{"href":"https:\/\/www.sharingchips.com\/it\/wp-json\/wp\/v2\/pages"}],"about":[{"href":"https:\/\/www.sharingchips.com\/it\/wp-json\/wp\/v2\/types\/page"}],"author":[{"embeddable":true,"href":"https:\/\/www.sharingchips.com\/it\/wp-json\/wp\/v2\/users\/1"}],"replies":[{"embeddable":true,"href":"https:\/\/www.sharingchips.com\/it\/wp-json\/wp\/v2\/comments?post=2827"}],"version-history":[{"count":294,"href":"https:\/\/www.sharingchips.com\/it\/wp-json\/wp\/v2\/pages\/2827\/revisions"}],"predecessor-version":[{"id":5148,"href":"https:\/\/www.sharingchips.com\/it\/wp-json\/wp\/v2\/pages\/2827\/revisions\/5148"}],"wp:featuredmedia":[{"embeddable":true,"href":"https:\/\/www.sharingchips.com\/it\/wp-json\/wp\/v2\/media\/1935"}],"wp:attachment":[{"href":"https:\/\/www.sharingchips.com\/it\/wp-json\/wp\/v2\/media?parent=2827"}],"curies":[{"name":"wp","href":"https:\/\/api.w.org\/{rel}","templated":true}]}}